{"id":250,"date":"2023-09-06T13:27:15","date_gmt":"2023-09-06T11:27:15","guid":{"rendered":"http:\/\/localhost\/progetti\/corso_wordpress\/250-2\/"},"modified":"2024-09-26T16:42:36","modified_gmt":"2024-09-26T14:42:36","slug":"review","status":"publish","type":"page","link":"https:\/\/www.grandhotelirpinia.it\/?page_id=250","title":{"rendered":"Reviews"},"content":{"rendered":"<div class=\"\" style=\"\" >\n    \n    <section class=\"u-clearfix u-section-2\" id=\"sec-6b03\">\n      <div class=\"u-clearfix u-sheet u-sheet-1\">\n        <img decoding=\"async\" class=\"infinite u-expanded-width u-image u-image-round u-radius-50 u-image-1\" src=\"https:\/\/www.grandhotelirpinia.it\/wp-content\/uploads\/2023\/10\/DSC05955.JPG-scaled.jpg\" alt=\"REVIEWS\" data-image-width=\"2560\" data-image-height=\"1706\" data-animation-name=\"customAnimationIn\" data-animation-duration=\"6000\">\n      <\/div>\n    <\/section>\n    <section class=\"u-align-center u-clearfix u-container-align-center u-section-3\" id=\"sec-75a0\">\n      <div class=\"u-clearfix u-sheet u-valign-middle-lg u-valign-middle-md u-valign-middle-sm u-valign-middle-xl u-sheet-1\">\n        <h1 class=\"u-custom-font u-font-merriweather u-text u-text-palette-3-dark-2 u-text-1\">REVIEWS<\/h1>\n      <\/div>\n    <\/section>\n    <section class=\"u-clearfix u-section-4\" id=\"sec-c610\">\n      <div class=\"u-clearfix u-sheet u-valign-middle-xs u-sheet-1\">\n        <h3 class=\"u-text u-text-default u-text-1\"> <pre class=\"ti-widget\" style=\"display: none\"><div class=\"ti-widget ti-goog ti-no-profile-img ti-show-rating-text ti-review-text-mode-readmore ti-text-align-left\" data-no-translation=\"true\" data-layout-id=\"4\" data-set-id=\"ligth-border\" data-pid=\"\" data-pager-autoplay-timeout=\"6\" data-review-target-width=\"300\" data-language=\"it\" > <div class=\"ti-widget-container ti-col-3\"> <div class=\"ti-reviews-container\"> <div class=\"ti-controls\"> <div class=\"ti-next\" aria-label=\"Prossima recensione\" role=\"button\"><\/div> <div class=\"ti-prev\" aria-label=\"Recensione precedente\" role=\"button\"><\/div> <\/div> <div class=\"ti-reviews-container-wrapper\">  <div data-empty=\"0\" class=\"ti-review-item source-Google\" > <div class=\"ti-inner\"> <div class=\"ti-review-header\"> <div class=\"ti-profile-img\"> <img decoding=\"async\" src=\"https:\/\/lh3.googleusercontent.com\/a-\/ALV-UjXaYMcL4BvI2_-MTQTXlqycldEfzuejQai3mV-DK7czJNt1EVjf=w40-h40-c-rp-mo-br100\" alt=\"Salvatore Setola\" \/> <\/div> <div class=\"ti-profile-details\"> <div class=\"ti-name\"> Salvatore Setola <\/div> <div class=\"ti-date\">03\/08\/2025<\/div> <\/div> <\/div> <span class=\"ti-stars\"><span class=\"ti-star f\"><\/span><span class=\"ti-star f\"><\/span><span class=\"ti-star f\"><\/span><span class=\"ti-star f\"><\/span><span class=\"ti-star f\"><\/span><\/span> <div class=\"ti-review-text-container ti-review-content\"><!-- R-CONTENT -->\"Ho avuto un'esperienza davvero fantastica in questo hotel! La pulizia \u00e8 stata impeccabile in ogni dettaglio, dalla stanza accogliente e confortevole ai bagni sempre sistemati e puliti con cura. La colazione era abbondante e deliziosa, con una variet\u00e0 di opzioni che hanno soddisfatto tutti i nostri gusti. Anche il pranzo e la cena erano davvero buoni e generosi, con piatti preparati con cura e ingredienti freschi. La piscina era un'oasi di relax, con acqua pulita e cristallina e un ambiente curato e tranquillo. Il personale della ristorazione \u00e8 stato molto gentile e cordiale, sempre pronto a soddisfare le nostre esigenze e a garantire che il nostro soggiorno fosse il pi\u00f9 piacevole possibile. Siamo stati davvero bene e ci ritorneremo sicuramente! Consiglio vivamente questo hotel a chi cerca un soggiorno rilassante e di alta qualit\u00e0, dove ogni dettaglio \u00e8 stato pensato per garantire il massimo comfort e la massima soddisfazione. Il rapporto qualit\u00e0-prezzo \u00e8 stato ottimo e non vedo l'ora di tornare!\"<!-- R-CONTENT --><\/div> <span class=\"ti-read-more\" data-container=\".ti-review-content\" data-collapse-text=\"Nascondere\" data-open-text=\"Leggi di pi\u00f9\" ><\/span> <\/div> <\/div>  <div data-empty=\"1\" class=\"ti-review-item source-Google\" > <div class=\"ti-inner\"> <div class=\"ti-review-header\"> <div class=\"ti-profile-img\"> <img decoding=\"async\" src=\"https:\/\/lh3.googleusercontent.com\/a-\/ALV-UjXAG_HbKT_lQMf-Hq0kHOdRDVaIiqHVzJNonBElDkRA-iIrJwzZXA=w40-h40-c-rp-mo-ba5-br100\" alt=\"Giuseppe Ciampi\" \/> <\/div> <div class=\"ti-profile-details\"> <div class=\"ti-name\"> Giuseppe Ciampi <\/div> <div class=\"ti-date\">01\/08\/2025<\/div> <\/div> <\/div> <span class=\"ti-stars\"><span class=\"ti-star f\"><\/span><span class=\"ti-star f\"><\/span><span class=\"ti-star f\"><\/span><span class=\"ti-star f\"><\/span><span class=\"ti-star f\"><\/span><\/span> <div class=\"ti-review-text-container ti-review-content\"><!-- R-CONTENT --><!-- R-CONTENT --><\/div> <span class=\"ti-read-more\" data-container=\".ti-review-content\" data-collapse-text=\"Nascondere\" data-open-text=\"Leggi di pi\u00f9\" ><\/span> <\/div> <\/div>  <div data-empty=\"1\" class=\"ti-review-item source-Google\" > <div class=\"ti-inner\"> <div class=\"ti-review-header\"> <div class=\"ti-profile-img\"> <img decoding=\"async\" src=\"https:\/\/lh3.googleusercontent.com\/a\/ACg8ocIx2UbJ0tYSS2Am9d71K9x-wr0zE2tsdlNbYHCCprdyKqMbpw=w40-h40-c-rp-mo-br100\" alt=\"Roberta Troiano\" \/> <\/div> <div class=\"ti-profile-details\"> <div class=\"ti-name\"> Roberta Troiano <\/div> <div class=\"ti-date\">19\/07\/2025<\/div> <\/div> <\/div> <span class=\"ti-stars\"><span class=\"ti-star f\"><\/span><span class=\"ti-star f\"><\/span><span class=\"ti-star f\"><\/span><span class=\"ti-star f\"><\/span><span class=\"ti-star f\"><\/span><\/span> <div class=\"ti-review-text-container ti-review-content\"><!-- R-CONTENT --><!-- R-CONTENT --><\/div> <span class=\"ti-read-more\" data-container=\".ti-review-content\" data-collapse-text=\"Nascondere\" data-open-text=\"Leggi di pi\u00f9\" ><\/span> <\/div> <\/div>  <div data-empty=\"1\" class=\"ti-review-item source-Google\" > <div class=\"ti-inner\"> <div class=\"ti-review-header\"> <div class=\"ti-profile-img\"> <img decoding=\"async\" src=\"https:\/\/lh3.googleusercontent.com\/a-\/ALV-UjUAkP6xmbbJZWPKoYjwyqHbLa6L6AFyVbyI0NKtO7pxUtJ0bufQ=w40-h40-c-rp-mo-br100\" alt=\"Dizalice Jankovic\" \/> <\/div> <div class=\"ti-profile-details\"> <div class=\"ti-name\"> Dizalice Jankovic <\/div> <div class=\"ti-date\">18\/07\/2025<\/div> <\/div> <\/div> <span class=\"ti-stars\"><span class=\"ti-star f\"><\/span><span class=\"ti-star f\"><\/span><span class=\"ti-star f\"><\/span><span class=\"ti-star f\"><\/span><span class=\"ti-star f\"><\/span><\/span> <div class=\"ti-review-text-container ti-review-content\"><!-- R-CONTENT --><!-- R-CONTENT --><\/div> <span class=\"ti-read-more\" data-container=\".ti-review-content\" data-collapse-text=\"Nascondere\" data-open-text=\"Leggi di pi\u00f9\" ><\/span> <\/div> <\/div>  <div data-empty=\"1\" class=\"ti-review-item source-Google\" > <div class=\"ti-inner\"> <div class=\"ti-review-header\"> <div class=\"ti-profile-img\"> <img decoding=\"async\" src=\"https:\/\/lh3.googleusercontent.com\/a-\/ALV-UjVWpnYzWzSTfwsE4lb4-gDKFyaN_U5qxAv9vEU-Xm28Sw3kQ9K4=w40-h40-c-rp-mo-br100\" alt=\"Luciana Pescatore\" \/> <\/div> <div class=\"ti-profile-details\"> <div class=\"ti-name\"> Luciana Pescatore <\/div> <div class=\"ti-date\">17\/07\/2025<\/div> <\/div> <\/div> <span class=\"ti-stars\"><span class=\"ti-star f\"><\/span><span class=\"ti-star f\"><\/span><span class=\"ti-star f\"><\/span><span class=\"ti-star f\"><\/span><span class=\"ti-star f\"><\/span><\/span> <div class=\"ti-review-text-container ti-review-content\"><!-- R-CONTENT --><!-- R-CONTENT --><\/div> <span class=\"ti-read-more\" data-container=\".ti-review-content\" data-collapse-text=\"Nascondere\" data-open-text=\"Leggi di pi\u00f9\" ><\/span> <\/div> <\/div>  <div data-empty=\"0\" class=\"ti-review-item source-Google\" > <div class=\"ti-inner\"> <div class=\"ti-review-header\"> <div class=\"ti-profile-img\"> <img decoding=\"async\" src=\"https:\/\/lh3.googleusercontent.com\/a\/ACg8ocIKNnxH8me8F-XBGQAwkBkkOoteDCo5OOuD_CnDds-XACBZjA=w40-h40-c-rp-mo-br100\" alt=\"K. Schmitt\" \/> <\/div> <div class=\"ti-profile-details\"> <div class=\"ti-name\"> K. Schmitt <\/div> <div class=\"ti-date\">14\/07\/2025<\/div> <\/div> <\/div> <span class=\"ti-stars\"><span class=\"ti-star f\"><\/span><span class=\"ti-star f\"><\/span><span class=\"ti-star f\"><\/span><span class=\"ti-star f\"><\/span><span class=\"ti-star f\"><\/span><\/span> <div class=\"ti-review-text-container ti-review-content\"><!-- R-CONTENT -->We stayed in this hotel for one week during our Berge & Meer Tour.\n\nOur room for two persons was very large and extremely clean.\n\nThe food was delicious and, from our point of view, authentically italian.\n\nThe waiters and the entire staff were very friendly and helpful, even during times when our large group was very loud and demanding, the staff remained calm and friendly.\n\nWhen we needed our tickets printed to get to Napoli, the employee at the reception was very helpful and provided advice and support.\n\nFor us, it was the perfect stay and a great experience!<!-- R-CONTENT --><\/div> <span class=\"ti-read-more\" data-container=\".ti-review-content\" data-collapse-text=\"Nascondere\" data-open-text=\"Leggi di pi\u00f9\" ><\/span> <\/div> <\/div>  <\/div> <div class=\"ti-controls-line\"> <div class=\"dot\"><\/div> <\/div> <\/div> <div class=\"ti-footer\"> <div class=\"ti-rating-text\"> <span class=\"nowrap\">Valutazione complessiva <strong>Google<\/strong> <\/span><span class=\"nowrap\"><strong>4.1<\/strong> su 5, <\/span><span class=\"nowrap\">in base a <strong>1010 recensioni<\/strong><\/span> <\/div> <\/div>  <\/div> <\/div> <\/pre><\/h3>\n      <\/div>\n    <\/section>\n    <section class=\"u-clearfix u-section-5\" id=\"sec-bf65\">\n      <div class=\"u-clearfix u-sheet u-sheet-1\"><span class=\"u-icon u-icon-1\" data-animation-name=\"customAnimationIn\" data-animation-duration=\"1000\" data-animation-delay=\"1000\" data-animation-out=\"0\"><svg class=\"u-svg-link\" preserveAspectRatio=\"xMidYMin slice\" viewBox=\"0 0 53.867 53.867\" style=\"\"><use xlink:href=\"#svg-f40e\"><\/use><\/svg><svg class=\"u-svg-content\" viewBox=\"0 0 53.867 53.867\" x=\"0px\" y=\"0px\" id=\"svg-f40e\" style=\"enable-background:new 0 0 53.867 53.867;\"><polygon style=\"fill:currentColor;\" points=\"26.934,1.318 35.256,18.182 53.867,20.887 40.4,34.013 43.579,52.549 26.934,43.798 \n\t10.288,52.549 13.467,34.013 0,20.887 18.611,18.182 \"><\/polygon><\/svg><\/span><span class=\"u-icon u-icon-2\" data-animation-name=\"customAnimationIn\" data-animation-duration=\"1000\" data-animation-out=\"0\" data-animation-delay=\"2000\"><svg class=\"u-svg-link\" preserveAspectRatio=\"xMidYMin slice\" viewBox=\"0 0 53.867 53.867\" style=\"\"><use xlink:href=\"#svg-bb05\"><\/use><\/svg><svg class=\"u-svg-content\" viewBox=\"0 0 53.867 53.867\" x=\"0px\" y=\"0px\" id=\"svg-bb05\" style=\"enable-background:new 0 0 53.867 53.867;\"><polygon style=\"fill:currentColor;\" points=\"26.934,1.318 35.256,18.182 53.867,20.887 40.4,34.013 43.579,52.549 26.934,43.798 \n\t10.288,52.549 13.467,34.013 0,20.887 18.611,18.182 \"><\/polygon><\/svg><\/span><span class=\"u-icon u-icon-3\" data-animation-name=\"customAnimationIn\" data-animation-duration=\"1000\" data-animation-out=\"0\" data-animation-delay=\"3000\"><svg class=\"u-svg-link\" preserveAspectRatio=\"xMidYMin slice\" viewBox=\"0 0 53.867 53.867\" style=\"\"><use xlink:href=\"#svg-e5fc\"><\/use><\/svg><svg class=\"u-svg-content\" viewBox=\"0 0 53.867 53.867\" x=\"0px\" y=\"0px\" id=\"svg-e5fc\" style=\"enable-background:new 0 0 53.867 53.867;\"><polygon style=\"fill:currentColor;\" points=\"26.934,1.318 35.256,18.182 53.867,20.887 40.4,34.013 43.579,52.549 26.934,43.798 \n\t10.288,52.549 13.467,34.013 0,20.887 18.611,18.182 \"><\/polygon><\/svg><\/span><span class=\"u-icon u-icon-4\" data-animation-name=\"customAnimationIn\" data-animation-duration=\"1000\" data-animation-out=\"0\" data-animation-delay=\"5000\"><svg class=\"u-svg-link\" preserveAspectRatio=\"xMidYMin slice\" viewBox=\"0 0 53.867 53.867\" style=\"\"><use xlink:href=\"#svg-e5e0\"><\/use><\/svg><svg class=\"u-svg-content\" viewBox=\"0 0 53.867 53.867\" x=\"0px\" y=\"0px\" id=\"svg-e5e0\" style=\"enable-background:new 0 0 53.867 53.867;\"><polygon style=\"fill:currentColor;\" points=\"26.934,1.318 35.256,18.182 53.867,20.887 40.4,34.013 43.579,52.549 26.934,43.798 \n\t10.288,52.549 13.467,34.013 0,20.887 18.611,18.182 \"><\/polygon><\/svg><\/span><span class=\"u-icon u-icon-5\" data-animation-name=\"customAnimationIn\" data-animation-duration=\"1000\" data-animation-out=\"0\" data-animation-delay=\"4000\"><svg class=\"u-svg-link\" preserveAspectRatio=\"xMidYMin slice\" viewBox=\"0 0 53.867 53.867\" style=\"\"><use xlink:href=\"#svg-c91f\"><\/use><\/svg><svg class=\"u-svg-content\" viewBox=\"0 0 53.867 53.867\" x=\"0px\" y=\"0px\" id=\"svg-c91f\" style=\"enable-background:new 0 0 53.867 53.867;\"><polygon style=\"fill:currentColor;\" points=\"26.934,1.318 35.256,18.182 53.867,20.887 40.4,34.013 43.579,52.549 26.934,43.798 \n\t10.288,52.549 13.467,34.013 0,20.887 18.611,18.182 \"><\/polygon><\/svg><\/span>\n        <p class=\"u-align-center u-custom-font u-font-merriweather u-text u-text-1\">\n          <span style=\"font-size: 1.875rem;\">Review&nbsp;<\/span>\n          <br> dicono di noi - la vostra esperienza il nostro successo.<br> Caro Ospite, siamo lieti di averla ospitata e lo saremo sempre anche in futuro, se il soggiorno \u00e8 stato di suo gradimento pu\u00f2 lasciarci una recensione al link sottostante.&nbsp;<br>Passione e Cortesia dal 1991 a vostra disposizione, alla prossima!\n        <\/p>\n      <\/div>\n    <\/section>\n    <section class=\"u-clearfix u-container-align-center u-section-6\" id=\"sec-4fd6\">\n      <div class=\"u-clearfix u-sheet u-sheet-1\">\n        <img decoding=\"async\" class=\"u-image u-image-round u-radius-10 u-image-1\" src=\"https:\/\/www.grandhotelirpinia.it\/wp-content\/uploads\/2023\/10\/recensioni.png\" alt=\"Review\" data-image-width=\"700\" data-image-height=\"442\" data-href=\"https:\/\/search.google.com\/local\/writereview?placeid=ChIJIT5k9vTLOxMRG9MIEr73508&amp;source=g.page.m.dd._&amp;laa=lu-desktop-reviews-dialog-review-solicitation\">\n      <\/div>\n    <\/section>\n    \n    \n    \n    \n  \n<\/div>","protected":false},"excerpt":{"rendered":"<p>REVIEWS Salvatore Setola 03\/08\/2025 \"Ho avuto un'esperienza davvero fantastica in questo hotel! La pulizia \u00e8 stata impeccabile in ogni dettaglio, dalla stanza accogliente e confortevole ai bagni sempre sistemati e puliti con cura. La colazione era abbondante e deliziosa, con una variet\u00e0 di opzioni che hanno soddisfatto tutti i nostri gusti. Anche il pranzo e &hellip; <\/p>\n<p class=\"link-more\"><a href=\"https:\/\/www.grandhotelirpinia.it\/?page_id=250\" class=\"more-link\">Continue reading<span class=\"screen-reader-text\"> \"Reviews\"<\/span><\/a><\/p>\n","protected":false},"author":1,"featured_media":0,"parent":0,"menu_order":0,"comment_status":"closed","ping_status":"closed","template":"","meta":{"footnotes":""},"yoast_head":"<!-- This site is optimized with the Yoast SEO plugin v23.5 - https:\/\/yoast.com\/wordpress\/plugins\/seo\/ -->\r\n<title>Reviews - Grand Hotel Irpinia - Acquafidia Family Spa &amp; Meeting Review<\/title>\r\n<meta name=\"description\" content=\"Review - dicono di noi - la vostra esperienza il nostro successo - Gi\u00e0 migliaia di ospiti hanno raccontato la loro esperienza\" \/>\r\n<meta name=\"robots\" content=\"index, follow, max-snippet:-1, max-image-preview:large, max-video-preview:-1\" \/>\r\n<link rel=\"canonical\" href=\"https:\/\/www.grandhotelirpinia.it\/?page_id=250\" \/>\r\n<meta property=\"og:locale\" content=\"it_IT\" \/>\r\n<meta property=\"og:type\" content=\"article\" \/>\r\n<meta property=\"og:title\" content=\"Reviews - Grand Hotel Irpinia - Acquafidia Family Spa &amp; Meeting Review\" \/>\r\n<meta property=\"og:description\" content=\"Review - dicono di noi - la vostra esperienza il nostro successo - Gi\u00e0 migliaia di ospiti hanno raccontato la loro esperienza\" \/>\r\n<meta property=\"og:url\" content=\"https:\/\/www.grandhotelirpinia.it\/?page_id=250\" \/>\r\n<meta property=\"og:site_name\" content=\"Grand Hotel Irpinia - Acquafidia Family Spa &amp; Meeting\" \/>\r\n<meta property=\"article:publisher\" content=\"https:\/\/www.facebook.com\/tophotelirpinia\" \/>\r\n<meta property=\"article:modified_time\" content=\"2024-09-26T14:42:36+00:00\" \/>\r\n<meta name=\"twitter:card\" content=\"summary_large_image\" \/>\r\n<meta name=\"twitter:label1\" content=\"Tempo di lettura stimato\" \/>\n\t<meta name=\"twitter:data1\" content=\"1 minuto\" \/>\r\n<script type=\"application\/ld+json\" class=\"yoast-schema-graph\">{\"@context\":\"https:\/\/schema.org\",\"@graph\":[{\"@type\":\"WebPage\",\"@id\":\"https:\/\/www.grandhotelirpinia.it\/?page_id=250\",\"url\":\"https:\/\/www.grandhotelirpinia.it\/?page_id=250\",\"name\":\"Reviews - Grand Hotel Irpinia - Acquafidia Family Spa &amp; Meeting Review\",\"isPartOf\":{\"@id\":\"https:\/\/www.grandhotelirpinia.it\/#website\"},\"datePublished\":\"2023-09-06T11:27:15+00:00\",\"dateModified\":\"2024-09-26T14:42:36+00:00\",\"description\":\"Review - dicono di noi - la vostra esperienza il nostro successo - Gi\u00e0 migliaia di ospiti hanno raccontato la loro esperienza\",\"breadcrumb\":{\"@id\":\"https:\/\/www.grandhotelirpinia.it\/?page_id=250#breadcrumb\"},\"inLanguage\":\"it-IT\",\"potentialAction\":[{\"@type\":\"ReadAction\",\"target\":[\"https:\/\/www.grandhotelirpinia.it\/?page_id=250\"]}]},{\"@type\":\"BreadcrumbList\",\"@id\":\"https:\/\/www.grandhotelirpinia.it\/?page_id=250#breadcrumb\",\"itemListElement\":[{\"@type\":\"ListItem\",\"position\":1,\"name\":\"Home\",\"item\":\"https:\/\/www.grandhotelirpinia.it\/\"},{\"@type\":\"ListItem\",\"position\":2,\"name\":\"Reviews\"}]},{\"@type\":\"WebSite\",\"@id\":\"https:\/\/www.grandhotelirpinia.it\/#website\",\"url\":\"https:\/\/www.grandhotelirpinia.it\/\",\"name\":\"Grand Hotel Irpinia - Acquafidia Family Spa &amp; Meeting\",\"description\":\"Passione al vostro servizio\",\"publisher\":{\"@id\":\"https:\/\/www.grandhotelirpinia.it\/#organization\"},\"potentialAction\":[{\"@type\":\"SearchAction\",\"target\":{\"@type\":\"EntryPoint\",\"urlTemplate\":\"https:\/\/www.grandhotelirpinia.it\/?s={search_term_string}\"},\"query-input\":{\"@type\":\"PropertyValueSpecification\",\"valueRequired\":true,\"valueName\":\"search_term_string\"}}],\"inLanguage\":\"it-IT\"},{\"@type\":\"Organization\",\"@id\":\"https:\/\/www.grandhotelirpinia.it\/#organization\",\"name\":\"Grand Hotel Irpinia - Acquafidia Family Spa &amp; Meeting\",\"url\":\"https:\/\/www.grandhotelirpinia.it\/\",\"logo\":{\"@type\":\"ImageObject\",\"inLanguage\":\"it-IT\",\"@id\":\"https:\/\/www.grandhotelirpinia.it\/#\/schema\/logo\/image\/\",\"url\":\"https:\/\/www.grandhotelirpinia.it\/wp-content\/uploads\/2023\/08\/cropped-Senza-titolo-1.jpg\",\"contentUrl\":\"https:\/\/www.grandhotelirpinia.it\/wp-content\/uploads\/2023\/08\/cropped-Senza-titolo-1.jpg\",\"width\":250,\"height\":100,\"caption\":\"Grand Hotel Irpinia - Acquafidia Family Spa &amp; Meeting\"},\"image\":{\"@id\":\"https:\/\/www.grandhotelirpinia.it\/#\/schema\/logo\/image\/\"},\"sameAs\":[\"https:\/\/www.facebook.com\/tophotelirpinia\",\"https:\/\/www.instagram.com\/grandhotelirpinia\/\"]}]}<\/script>\r\n<!-- \/ Yoast SEO plugin. -->","yoast_head_json":{"title":"Reviews - Grand Hotel Irpinia - Acquafidia Family Spa &amp; Meeting Review","description":"Review - dicono di noi - la vostra esperienza il nostro successo - Gi\u00e0 migliaia di ospiti hanno raccontato la loro esperienza","robots":{"index":"index","follow":"follow","max-snippet":"max-snippet:-1","max-image-preview":"max-image-preview:large","max-video-preview":"max-video-preview:-1"},"canonical":"https:\/\/www.grandhotelirpinia.it\/?page_id=250","og_locale":"it_IT","og_type":"article","og_title":"Reviews - Grand Hotel Irpinia - Acquafidia Family Spa &amp; Meeting Review","og_description":"Review - dicono di noi - la vostra esperienza il nostro successo - Gi\u00e0 migliaia di ospiti hanno raccontato la loro esperienza","og_url":"https:\/\/www.grandhotelirpinia.it\/?page_id=250","og_site_name":"Grand Hotel Irpinia - Acquafidia Family Spa &amp; Meeting","article_publisher":"https:\/\/www.facebook.com\/tophotelirpinia","article_modified_time":"2024-09-26T14:42:36+00:00","twitter_card":"summary_large_image","twitter_misc":{"Tempo di lettura stimato":"1 minuto"},"schema":{"@context":"https:\/\/schema.org","@graph":[{"@type":"WebPage","@id":"https:\/\/www.grandhotelirpinia.it\/?page_id=250","url":"https:\/\/www.grandhotelirpinia.it\/?page_id=250","name":"Reviews - Grand Hotel Irpinia - Acquafidia Family Spa &amp; Meeting Review","isPartOf":{"@id":"https:\/\/www.grandhotelirpinia.it\/#website"},"datePublished":"2023-09-06T11:27:15+00:00","dateModified":"2024-09-26T14:42:36+00:00","description":"Review - dicono di noi - la vostra esperienza il nostro successo - Gi\u00e0 migliaia di ospiti hanno raccontato la loro esperienza","breadcrumb":{"@id":"https:\/\/www.grandhotelirpinia.it\/?page_id=250#breadcrumb"},"inLanguage":"it-IT","potentialAction":[{"@type":"ReadAction","target":["https:\/\/www.grandhotelirpinia.it\/?page_id=250"]}]},{"@type":"BreadcrumbList","@id":"https:\/\/www.grandhotelirpinia.it\/?page_id=250#breadcrumb","itemListElement":[{"@type":"ListItem","position":1,"name":"Home","item":"https:\/\/www.grandhotelirpinia.it\/"},{"@type":"ListItem","position":2,"name":"Reviews"}]},{"@type":"WebSite","@id":"https:\/\/www.grandhotelirpinia.it\/#website","url":"https:\/\/www.grandhotelirpinia.it\/","name":"Grand Hotel Irpinia - Acquafidia Family Spa &amp; Meeting","description":"Passione al vostro servizio","publisher":{"@id":"https:\/\/www.grandhotelirpinia.it\/#organization"},"potentialAction":[{"@type":"SearchAction","target":{"@type":"EntryPoint","urlTemplate":"https:\/\/www.grandhotelirpinia.it\/?s={search_term_string}"},"query-input":{"@type":"PropertyValueSpecification","valueRequired":true,"valueName":"search_term_string"}}],"inLanguage":"it-IT"},{"@type":"Organization","@id":"https:\/\/www.grandhotelirpinia.it\/#organization","name":"Grand Hotel Irpinia - Acquafidia Family Spa &amp; Meeting","url":"https:\/\/www.grandhotelirpinia.it\/","logo":{"@type":"ImageObject","inLanguage":"it-IT","@id":"https:\/\/www.grandhotelirpinia.it\/#\/schema\/logo\/image\/","url":"https:\/\/www.grandhotelirpinia.it\/wp-content\/uploads\/2023\/08\/cropped-Senza-titolo-1.jpg","contentUrl":"https:\/\/www.grandhotelirpinia.it\/wp-content\/uploads\/2023\/08\/cropped-Senza-titolo-1.jpg","width":250,"height":100,"caption":"Grand Hotel Irpinia - Acquafidia Family Spa &amp; Meeting"},"image":{"@id":"https:\/\/www.grandhotelirpinia.it\/#\/schema\/logo\/image\/"},"sameAs":["https:\/\/www.facebook.com\/tophotelirpinia","https:\/\/www.instagram.com\/grandhotelirpinia\/"]}]}},"_links":{"self":[{"href":"https:\/\/www.grandhotelirpinia.it\/index.php?rest_route=\/wp\/v2\/pages\/250"}],"collection":[{"href":"https:\/\/www.grandhotelirpinia.it\/index.php?rest_route=\/wp\/v2\/pages"}],"about":[{"href":"https:\/\/www.grandhotelirpinia.it\/index.php?rest_route=\/wp\/v2\/types\/page"}],"author":[{"embeddable":true,"href":"https:\/\/www.grandhotelirpinia.it\/index.php?rest_route=\/wp\/v2\/users\/1"}],"replies":[{"embeddable":true,"href":"https:\/\/www.grandhotelirpinia.it\/index.php?rest_route=%2Fwp%2Fv2%2Fcomments&post=250"}],"version-history":[{"count":15,"href":"https:\/\/www.grandhotelirpinia.it\/index.php?rest_route=\/wp\/v2\/pages\/250\/revisions"}],"predecessor-version":[{"id":6324,"href":"https:\/\/www.grandhotelirpinia.it\/index.php?rest_route=\/wp\/v2\/pages\/250\/revisions\/6324"}],"wp:attachment":[{"href":"https:\/\/www.grandhotelirpinia.it\/index.php?rest_route=%2Fwp%2Fv2%2Fmedia&parent=250"}],"curies":[{"name":"wp","href":"https:\/\/api.w.org\/{rel}","templated":true}]}}